{"id":6,"date":"2015-12-04T21:23:15","date_gmt":"2015-12-04T20:23:15","guid":{"rendered":"http:\/\/feuerwehr.neumarkt-ybbs.at\/ff\/?page_id=6"},"modified":"2016-03-03T21:11:20","modified_gmt":"2016-03-03T20:11:20","slug":"buergerservice","status":"publish","type":"page","link":"https:\/\/feuerwehr.neumarkt-ybbs.at\/ff\/index.php\/buergerservice\/","title":{"rendered":"Notrufe"},"content":{"rendered":"<div>\n<ul>\n<li>\n<h5 style=\"text-align: left;\">Euronotruf: 112<\/h5>\n<\/li>\n<li>\n<h5>Feuerwehr: 122<\/h5>\n<\/li>\n<li>\n<h5>Polizei: 133<\/h5>\n<\/li>\n<li>\n<h5>Rettung: 144<\/h5>\n<\/li>\n<li>\n<h5>Bergrettung: 140<\/h5>\n<\/li>\n<li>\n<h5>\u00c4rztenotdienst: 141<\/h5>\n<\/li>\n<li>\n<h5>Apothekennotruf: 1455<\/h5>\n<\/li>\n<li>\n<h5>Vergiftungszentrale AKH: 01 406 43 43<\/h5>\n<\/li>\n<li>\n<h5>Gasnotruf: 128<\/h5>\n<\/li>\n<li>\n<h5>Pannenruf \u00d6AMTC: 120<\/h5>\n<\/li>\n<li>\n<h5>Pannenruf ARB\u00d6: 123<\/h5>\n<\/li>\n<li>\n<h5>SMS Notruf an Polizei f\u00fcr Geh\u00f6rlose: 0800 133 133<br \/>\nAlternativ E-Mail an gehoerlosennotruf@polizei.gv.at<\/h5>\n<\/li>\n<\/ul>\n<\/div>\n<hr \/>\n<p>&nbsp;<\/p>\n","protected":false},"excerpt":{"rendered":"<p>Euronotruf: 112 Feuerwehr: 122 Polizei: 133 Rettung: 144 Bergrettung: 140 \u00c4rztenotdienst: 141 Apothekennotruf: 1455 Vergiftungszentrale AKH: 01 406 43 43 Gasnotruf: 128 Pannenruf \u00d6AMTC: 120 Pannenruf ARB\u00d6: 123 SMS Notruf an Polizei f\u00fcr Geh\u00f6rlose: 0800 133 133 Alternativ E-Mail an<\/p>\n","protected":false},"author":2,"featured_media":0,"parent":0,"menu_order":0,"comment_status":"closed","ping_status":"closed","template":"","meta":{"jetpack_post_was_ever_published":false,"footnotes":""},"class_list":["post-6","page","type-page","status-publish","hentry"],"yoast_head":"<!-- This site is optimized with the Yoast SEO plugin v27.2 - https:\/\/yoast.com\/product\/yoast-seo-wordpress\/ -->\n<title>Notrufe - Feuerwehr Neumarkt\/Ybbs<\/title>\n<meta name=\"description\" content=\"Unter der B\u00fcrgerservice finden sie jede Menge n\u00fctzlicher Informationen. Sei es \u00c4rztenotruf oder Polizei...\" \/>\n<meta name=\"robots\" content=\"index, follow, max-snippet:-1, max-image-preview:large, max-video-preview:-1\" \/>\n<link rel=\"canonical\" href=\"https:\/\/feuerwehr.neumarkt-ybbs.at\/ff\/index.php\/buergerservice\/\" \/>\n<meta property=\"og:locale\" content=\"de_DE\" \/>\n<meta property=\"og:type\" content=\"article\" \/>\n<meta property=\"og:title\" content=\"Notrufe - Feuerwehr Neumarkt\/Ybbs\" \/>\n<meta property=\"og:description\" content=\"Unter der B\u00fcrgerservice finden sie jede Menge n\u00fctzlicher Informationen. Sei es \u00c4rztenotruf oder Polizei...\" \/>\n<meta property=\"og:url\" content=\"https:\/\/feuerwehr.neumarkt-ybbs.at\/ff\/index.php\/buergerservice\/\" \/>\n<meta property=\"og:site_name\" content=\"Feuerwehr Neumarkt\/Ybbs\" \/>\n<meta property=\"article:publisher\" content=\"https:\/\/www.facebook.com\/ff.neumarkt.ybbs\" \/>\n<meta property=\"article:modified_time\" content=\"2016-03-03T20:11:20+00:00\" \/>\n<meta name=\"twitter:card\" content=\"summary_large_image\" \/>\n<script type=\"application\/ld+json\" class=\"yoast-schema-graph\">{\"@context\":\"https:\/\/schema.org\",\"@graph\":[{\"@type\":\"WebPage\",\"@id\":\"https:\/\/feuerwehr.neumarkt-ybbs.at\/ff\/index.php\/buergerservice\/\",\"url\":\"https:\/\/feuerwehr.neumarkt-ybbs.at\/ff\/index.php\/buergerservice\/\",\"name\":\"Notrufe - Feuerwehr Neumarkt\/Ybbs\",\"isPartOf\":{\"@id\":\"https:\/\/feuerwehr.neumarkt-ybbs.at\/ff\/#website\"},\"datePublished\":\"2015-12-04T20:23:15+00:00\",\"dateModified\":\"2016-03-03T20:11:20+00:00\",\"description\":\"Unter der B\u00fcrgerservice finden sie jede Menge n\u00fctzlicher Informationen. Sei es \u00c4rztenotruf oder Polizei...\",\"breadcrumb\":{\"@id\":\"https:\/\/feuerwehr.neumarkt-ybbs.at\/ff\/index.php\/buergerservice\/#breadcrumb\"},\"inLanguage\":\"de\",\"potentialAction\":[{\"@type\":\"ReadAction\",\"target\":[\"https:\/\/feuerwehr.neumarkt-ybbs.at\/ff\/index.php\/buergerservice\/\"]}]},{\"@type\":\"BreadcrumbList\",\"@id\":\"https:\/\/feuerwehr.neumarkt-ybbs.at\/ff\/index.php\/buergerservice\/#breadcrumb\",\"itemListElement\":[{\"@type\":\"ListItem\",\"position\":1,\"name\":\"Startseite\",\"item\":\"https:\/\/feuerwehr.neumarkt-ybbs.at\/ff\/\"},{\"@type\":\"ListItem\",\"position\":2,\"name\":\"Notrufe\"}]},{\"@type\":\"WebSite\",\"@id\":\"https:\/\/feuerwehr.neumarkt-ybbs.at\/ff\/#website\",\"url\":\"https:\/\/feuerwehr.neumarkt-ybbs.at\/ff\/\",\"name\":\"Feuerwehr Neumarkt\/Ybbs\",\"description\":\"Retten, Sch\u00fctzen, Bergen und L\u00f6schen\",\"potentialAction\":[{\"@type\":\"SearchAction\",\"target\":{\"@type\":\"EntryPoint\",\"urlTemplate\":\"https:\/\/feuerwehr.neumarkt-ybbs.at\/ff\/?s={search_term_string}\"},\"query-input\":{\"@type\":\"PropertyValueSpecification\",\"valueRequired\":true,\"valueName\":\"search_term_string\"}}],\"inLanguage\":\"de\"}]}<\/script>\n<!-- \/ Yoast SEO plugin. -->","yoast_head_json":{"title":"Notrufe - Feuerwehr Neumarkt\/Ybbs","description":"Unter der B\u00fcrgerservice finden sie jede Menge n\u00fctzlicher Informationen. Sei es \u00c4rztenotruf oder Polizei...","robots":{"index":"index","follow":"follow","max-snippet":"max-snippet:-1","max-image-preview":"max-image-preview:large","max-video-preview":"max-video-preview:-1"},"canonical":"https:\/\/feuerwehr.neumarkt-ybbs.at\/ff\/index.php\/buergerservice\/","og_locale":"de_DE","og_type":"article","og_title":"Notrufe - Feuerwehr Neumarkt\/Ybbs","og_description":"Unter der B\u00fcrgerservice finden sie jede Menge n\u00fctzlicher Informationen. Sei es \u00c4rztenotruf oder Polizei...","og_url":"https:\/\/feuerwehr.neumarkt-ybbs.at\/ff\/index.php\/buergerservice\/","og_site_name":"Feuerwehr Neumarkt\/Ybbs","article_publisher":"https:\/\/www.facebook.com\/ff.neumarkt.ybbs","article_modified_time":"2016-03-03T20:11:20+00:00","twitter_card":"summary_large_image","schema":{"@context":"https:\/\/schema.org","@graph":[{"@type":"WebPage","@id":"https:\/\/feuerwehr.neumarkt-ybbs.at\/ff\/index.php\/buergerservice\/","url":"https:\/\/feuerwehr.neumarkt-ybbs.at\/ff\/index.php\/buergerservice\/","name":"Notrufe - Feuerwehr Neumarkt\/Ybbs","isPartOf":{"@id":"https:\/\/feuerwehr.neumarkt-ybbs.at\/ff\/#website"},"datePublished":"2015-12-04T20:23:15+00:00","dateModified":"2016-03-03T20:11:20+00:00","description":"Unter der B\u00fcrgerservice finden sie jede Menge n\u00fctzlicher Informationen. Sei es \u00c4rztenotruf oder Polizei...","breadcrumb":{"@id":"https:\/\/feuerwehr.neumarkt-ybbs.at\/ff\/index.php\/buergerservice\/#breadcrumb"},"inLanguage":"de","potentialAction":[{"@type":"ReadAction","target":["https:\/\/feuerwehr.neumarkt-ybbs.at\/ff\/index.php\/buergerservice\/"]}]},{"@type":"BreadcrumbList","@id":"https:\/\/feuerwehr.neumarkt-ybbs.at\/ff\/index.php\/buergerservice\/#breadcrumb","itemListElement":[{"@type":"ListItem","position":1,"name":"Startseite","item":"https:\/\/feuerwehr.neumarkt-ybbs.at\/ff\/"},{"@type":"ListItem","position":2,"name":"Notrufe"}]},{"@type":"WebSite","@id":"https:\/\/feuerwehr.neumarkt-ybbs.at\/ff\/#website","url":"https:\/\/feuerwehr.neumarkt-ybbs.at\/ff\/","name":"Feuerwehr Neumarkt\/Ybbs","description":"Retten, Sch\u00fctzen, Bergen und L\u00f6schen","potentialAction":[{"@type":"SearchAction","target":{"@type":"EntryPoint","urlTemplate":"https:\/\/feuerwehr.neumarkt-ybbs.at\/ff\/?s={search_term_string}"},"query-input":{"@type":"PropertyValueSpecification","valueRequired":true,"valueName":"search_term_string"}}],"inLanguage":"de"}]}},"jetpack_sharing_enabled":true,"_links":{"self":[{"href":"https:\/\/feuerwehr.neumarkt-ybbs.at\/ff\/index.php\/wp-json\/wp\/v2\/pages\/6","targetHints":{"allow":["GET"]}}],"collection":[{"href":"https:\/\/feuerwehr.neumarkt-ybbs.at\/ff\/index.php\/wp-json\/wp\/v2\/pages"}],"about":[{"href":"https:\/\/feuerwehr.neumarkt-ybbs.at\/ff\/index.php\/wp-json\/wp\/v2\/types\/page"}],"author":[{"embeddable":true,"href":"https:\/\/feuerwehr.neumarkt-ybbs.at\/ff\/index.php\/wp-json\/wp\/v2\/users\/2"}],"replies":[{"embeddable":true,"href":"https:\/\/feuerwehr.neumarkt-ybbs.at\/ff\/index.php\/wp-json\/wp\/v2\/comments?post=6"}],"version-history":[{"count":6,"href":"https:\/\/feuerwehr.neumarkt-ybbs.at\/ff\/index.php\/wp-json\/wp\/v2\/pages\/6\/revisions"}],"predecessor-version":[{"id":240,"href":"https:\/\/feuerwehr.neumarkt-ybbs.at\/ff\/index.php\/wp-json\/wp\/v2\/pages\/6\/revisions\/240"}],"wp:attachment":[{"href":"https:\/\/feuerwehr.neumarkt-ybbs.at\/ff\/index.php\/wp-json\/wp\/v2\/media?parent=6"}],"curies":[{"name":"wp","href":"https:\/\/api.w.org\/{rel}","templated":true}]}}